
{"id":200,"date":"2025-06-18T10:58:05","date_gmt":"2025-06-18T10:58:05","guid":{"rendered":"https:\/\/www.dr-schmiedeberg.com\/?page_id=200"},"modified":"2025-08-19T05:41:12","modified_gmt":"2025-08-19T05:41:12","slug":"youth-booster","status":"publish","type":"page","link":"https:\/\/www.dr-schmiedeberg.com\/de\/produktlinien\/youth-booster\/","title":{"rendered":"Youth Booster"},"content":{"rendered":"\n<div class=\"grid\">\n<div class=\"grid__row grid__row--wide\">\n<div class=\"grid__item-100pc\">\n<figure class=\"wp-block-image size-full show-tablet-up\"><img loading=\"lazy\" decoding=\"async\" width=\"4000\" height=\"1300\" src=\"https:\/\/www.dr-schmiedeberg.com\/wp-content\/uploads\/2025\/08\/Header_Youth-Booster_Desktop.jpg\" alt=\"\" class=\"wp-image-1312\" title=\"\" srcset=\"https:\/\/www.dr-schmiedeberg.com\/wp-content\/uploads\/2025\/08\/Header_Youth-Booster_Desktop.jpg 4000w, https:\/\/www.dr-schmiedeberg.com\/wp-content\/uploads\/2025\/08\/Header_Youth-Booster_Desktop-300x98.jpg 300w, https:\/\/www.dr-schmiedeberg.com\/wp-content\/uploads\/2025\/08\/Header_Youth-Booster_Desktop-1024x333.jpg 1024w, https:\/\/www.dr-schmiedeberg.com\/wp-content\/uploads\/2025\/08\/Header_Youth-Booster_Desktop-768x250.jpg 768w, https:\/\/www.dr-schmiedeberg.com\/wp-content\/uploads\/2025\/08\/Header_Youth-Booster_Desktop-1536x499.jpg 1536w, https:\/\/www.dr-schmiedeberg.com\/wp-content\/uploads\/2025\/08\/Header_Youth-Booster_Desktop-2048x666.jpg 2048w\" sizes=\"auto, (max-width: 4000px) 100vw, 4000px\" \/><\/figure>\n\n\n\n<figure class=\"wp-block-image size-full hide-tablet-up\"><img loading=\"lazy\" decoding=\"async\" width=\"2000\" height=\"1300\" src=\"https:\/\/www.dr-schmiedeberg.com\/wp-content\/uploads\/2025\/08\/Header_Youth-Booster_Mobile.jpg\" alt=\"\" class=\"wp-image-1314\" srcset=\"https:\/\/www.dr-schmiedeberg.com\/wp-content\/uploads\/2025\/08\/Header_Youth-Booster_Mobile.jpg 2000w, https:\/\/www.dr-schmiedeberg.com\/wp-content\/uploads\/2025\/08\/Header_Youth-Booster_Mobile-300x195.jpg 300w, https:\/\/www.dr-schmiedeberg.com\/wp-content\/uploads\/2025\/08\/Header_Youth-Booster_Mobile-1024x666.jpg 1024w, https:\/\/www.dr-schmiedeberg.com\/wp-content\/uploads\/2025\/08\/Header_Youth-Booster_Mobile-768x499.jpg 768w, https:\/\/www.dr-schmiedeberg.com\/wp-content\/uploads\/2025\/08\/Header_Youth-Booster_Mobile-1536x998.jpg 1536w\" sizes=\"auto, (max-width: 2000px) 100vw, 2000px\" \/><\/figure>\n<\/div>\n<\/div>\n<\/div>\n\n\n\n<div class=\"grid headline-with-text\">\n<div class=\"grid__row grid__row--6\">\n<div class=\"gb-element-fc6ae612 grid__item-100pc\">\n<h1 class=\"gb-text gb-text-1383199d\">Youth Booster<\/h1>\n\n\n\n<p class=\"has-text-align-center\">Die Pflegelinie, die der Hautalterung vorbeugt und Sch\u00e4den repariert. Sie verlangsamt die Zellverzuckerung und gibt versteiften Kollagenfasern ihre Spannkraft zur\u00fcck.<\/p>\n<\/div>\n<\/div>\n<\/div>\n\n\n\n<div class=\"grid\">\n                    <div class=\"grid__row grid__row--categories categories\">\n                                          <div class=\"grid__item-50-30-20pc categories__product\">\n                <a class=\"categories__product__link\" href=\"https:\/\/www.dr-schmiedeberg.com\/de\/produkt\/youth-booster-a-g-e-reverse-double-serum\/\">\n                    <img decoding=\"async\" class=\"categories__product__image\" src=\"https:\/\/www.dr-schmiedeberg.com\/wp-content\/uploads\/2025\/07\/Youth-Booster-Double-Serum.png\" alt=\"\">\n                    <div class=\"categories__product__data\">\n                        <h2 class=\"categories__product__title\">Youth Booster A.G.E.-Reverse Double Serum<\/h2>\n                        <p class=\"categories__product__claim\">Serum<\/p>\n                    <\/div>\n                <\/a>\n            <\/div>\n                                                    <div class=\"grid__item-50-30-20pc categories__product\">\n                <a class=\"categories__product__link\" href=\"https:\/\/www.dr-schmiedeberg.com\/de\/produkt\/youth-booster-a-g-e-reverse-eye-cream\/\">\n                    <img decoding=\"async\" class=\"categories__product__image\" src=\"https:\/\/www.dr-schmiedeberg.com\/wp-content\/uploads\/2025\/07\/Youth-Booster-Eye-Cream.png\" alt=\"\">\n                    <div class=\"categories__product__data\">\n                        <h2 class=\"categories__product__title\">Youth Booster A.G.E.-Reverse Eye Cream<\/h2>\n                        <p class=\"categories__product__claim\">Augencreme<\/p>\n                    <\/div>\n                <\/a>\n            <\/div>\n                                                    <div class=\"grid__item-50-30-20pc categories__product\">\n                <a class=\"categories__product__link\" href=\"https:\/\/www.dr-schmiedeberg.com\/de\/produkt\/youth-booster-a-g-e-reverse-night-eye-cream\/\">\n                    <img decoding=\"async\" class=\"categories__product__image\" src=\"https:\/\/www.dr-schmiedeberg.com\/wp-content\/uploads\/2025\/07\/Youth-Booster-Night-Eye-Cream.png\" alt=\"\">\n                    <div class=\"categories__product__data\">\n                        <h2 class=\"categories__product__title\">Youth Booster A.G.E.-Reverse Night Eye Cream<\/h2>\n                        <p class=\"categories__product__claim\">Augencreme<\/p>\n                    <\/div>\n                <\/a>\n            <\/div>\n                                                    <div class=\"grid__item-50-30-20pc categories__product\">\n                <a class=\"categories__product__link\" href=\"https:\/\/www.dr-schmiedeberg.com\/de\/produkt\/youth-booster-a-g-e-reverse-cream\/\">\n                    <img decoding=\"async\" class=\"categories__product__image\" src=\"https:\/\/www.dr-schmiedeberg.com\/wp-content\/uploads\/2025\/07\/Youth-Booster-Cream.png\" alt=\"\">\n                    <div class=\"categories__product__data\">\n                        <h2 class=\"categories__product__title\">Youth Booster A.G.E.-Reverse Cream<\/h2>\n                        <p class=\"categories__product__claim\">Creme<\/p>\n                    <\/div>\n                <\/a>\n            <\/div>\n                                                    <div class=\"grid__item-50-30-20pc categories__product\">\n                <a class=\"categories__product__link\" href=\"https:\/\/www.dr-schmiedeberg.com\/de\/produkt\/youth-booster-a-g-e-reverse-night-cream\/\">\n                    <img decoding=\"async\" class=\"categories__product__image\" src=\"https:\/\/www.dr-schmiedeberg.com\/wp-content\/uploads\/2025\/07\/Youth-Booster-Night-Cream.png\" alt=\"\">\n                    <div class=\"categories__product__data\">\n                        <h2 class=\"categories__product__title\">Youth Booster A.G.E.-Reverse Night Cream<\/h2>\n                        <p class=\"categories__product__claim\">Creme<\/p>\n                    <\/div>\n                <\/a>\n            <\/div>\n                                                    <div class=\"grid__item-50-30-20pc categories__product\">\n                <a class=\"categories__product__link\" href=\"https:\/\/www.dr-schmiedeberg.com\/de\/produkt\/youth-booster-a-g-e-reverse-rich-cream\/\">\n                    <img decoding=\"async\" class=\"categories__product__image\" src=\"https:\/\/www.dr-schmiedeberg.com\/wp-content\/uploads\/2025\/07\/Youth-Booster-Rich-Cream.png\" alt=\"\">\n                    <div class=\"categories__product__data\">\n                        <h2 class=\"categories__product__title\">Youth Booster A.G.E.-Reverse Rich Cream<\/h2>\n                        <p class=\"categories__product__claim\">Creme<\/p>\n                    <\/div>\n                <\/a>\n            <\/div>\n                                                    <div class=\"grid__item-50-30-20pc categories__product\">\n                <a class=\"categories__product__link\" href=\"https:\/\/www.dr-schmiedeberg.com\/de\/produkt\/youth-booster-a-g-e-reverse-intensive-cream-mask\/\">\n                    <img decoding=\"async\" class=\"categories__product__image\" src=\"https:\/\/www.dr-schmiedeberg.com\/wp-content\/uploads\/2025\/07\/Youth-Booster-Face-Mask.png\" alt=\"\">\n                    <div class=\"categories__product__data\">\n                        <h2 class=\"categories__product__title\">Youth Booster A.G.E.-Reverse Intensive Cream Mask<\/h2>\n                        <p class=\"categories__product__claim\">Gesichtsmaske<\/p>\n                    <\/div>\n                <\/a>\n            <\/div>\n                      <\/div>\n            <\/div>\n\n\n<div class=\"grid headline-with-text\">\n<div class=\"grid__row grid__row--6\">\n<div class=\"gb-element-289432e8 grid__item-100pc\">\n<h1 class=\"gb-text gb-text-bb9e6651\">Weitere Produktlinien<\/h1>\n\n\n\n<p class=\"has-text-align-center\">Unsere Pflegelinien im \u00dcberblick \u2013 f\u00fcr jeden Hauttyp das Richtige.<\/p>\n<\/div>\n<\/div>\n<\/div>\n\n\n\n<div data-category-slider class=\"acf-category-slider\">\n\n        <div class=\"grid acf-category-slider__grid\">\n    <div class=\"acf-category-slider__navigation\">\n        <button class=\"acf-category-slider__navigation__button acf-category-slider__navigation__button__prev\" aria-label=\"Vorherige Folie\"><span><\/span><\/button>\n        <!--div class=\"acf-category-slider__navigation__pagination\"><\/div -->\n        <button class=\"acf-category-slider__navigation__button acf-category-slider__navigation__button__next\" aria-label=\"N\u00e4chste Folie\"><span><\/span><\/button>\n    <\/div>\n    \n        <div class=\"grid__row grid__row--wide swiper acf-category-slider__swiper \" data-number-of-slides=\"5\">\n            <div class=\"swiper-wrapper acf-category-slider__swiper__wrapper\">\n                                <div class=\"swiper-slide acf-category-slider__slide slide-1\">\n                                        <img class=\"acf-category-slider__slide__image\" src='https:\/\/www.dr-schmiedeberg.com\/wp-content\/uploads\/2025\/07\/Kategorie-Banner-L-Carnosine.jpg' alt=''>\n                                                                <div class=\"acf-category-slider__slide__data\">\n                            <div class=\"acf-category-slider__slide__text\">\n                                <h3 id=\"L-Carnosine\">L-Carnosine<\/h3>\n                                <p class=\"has-text-align-center\">Diese Pflegelinie setzt auf L-Carnosine, das die Zellverzuckerung hemmt und so die Hautalterung verlangsamt. Die Produkte, speziell auf unterschiedliche Hauttypen abgestimmt, sorgen f\u00fcr ein straffes Hautbild.<\/p>\n                            <\/div>\n                            <div class=\"acf-category-slider__slide__link\">\n                                <a tabindex=\"-1\" aria-label=\"Jetzt entdecken ProduktlinieL-Carnosine\" aria-hidden=\"true\" class=\"button button--primary\" href=\"https:\/\/www.dr-schmiedeberg.com\/de\/produktlinien\/l-carnosine\/\" target=\"\">L-Carnosine<\/a>\n                            <\/div>\n                        <\/div>\n                                    <\/div>\n                                <div class=\"swiper-slide acf-category-slider__slide slide-2\">\n                                        <img class=\"acf-category-slider__slide__image\" src='https:\/\/www.dr-schmiedeberg.com\/wp-content\/uploads\/2025\/07\/Kategorie-Banner-Hyaluronic.jpg' alt=''>\n                                                                <div class=\"acf-category-slider__slide__data\">\n                            <div class=\"acf-category-slider__slide__text\">\n                                <h3 id=\"Hyaluronic\">Hyaluronic<\/h3>\n                                <p class=\"has-text-align-center\">Feuchtigkeits-Booster mit Hydro-Plumping: Diese Linie setzt auf 10 verschiedene Arten von Hyaluron f\u00fcr einen sofortigen und langanhaltenden Feuchtigkeits- und Aufpolsterungs-Effekt.<\/p>\n                            <\/div>\n                            <div class=\"acf-category-slider__slide__link\">\n                                <a tabindex=\"-1\" aria-label=\"Jetzt entdecken ProduktlinieHyaluronic\" aria-hidden=\"true\" class=\"button button--primary\" href=\"https:\/\/www.dr-schmiedeberg.com\/de\/produktlinien\/hyaluronic\/\" target=\"\">Hyaluronic<\/a>\n                            <\/div>\n                        <\/div>\n                                    <\/div>\n                                <div class=\"swiper-slide acf-category-slider__slide slide-3\">\n                                        <img class=\"acf-category-slider__slide__image\" src='https:\/\/www.dr-schmiedeberg.com\/wp-content\/uploads\/2025\/07\/Kategorie-Banner-Cell-Revitalizer.jpg' alt=''>\n                                                                <div class=\"acf-category-slider__slide__data\">\n                            <div class=\"acf-category-slider__slide__text\">\n                                <h3 id=\"Cell revitalizer\">Cell revitalizer<\/h3>\n                                <p class=\"has-text-align-center\">Entdecke das Geheimnis revitalisierter Haut mit der Innovation von Dr. Susanne von Schmiedeberg: Die Cell Revitalizer Pflegelinie wurde entwickelt, um die Jugendlichkeit deiner Haut zu erhalten \u2013 f\u00fcr einen strahlenden Teint.<\/p>\n                            <\/div>\n                            <div class=\"acf-category-slider__slide__link\">\n                                <a tabindex=\"-1\" aria-label=\"Jetzt entdecken ProduktlinieCell revitalizer\" aria-hidden=\"true\" class=\"button button--primary\" href=\"https:\/\/www.dr-schmiedeberg.com\/de\/produktlinien\/cell-revitalizer\/\" target=\"\">Cell revitalizer<\/a>\n                            <\/div>\n                        <\/div>\n                                    <\/div>\n                                <div class=\"swiper-slide acf-category-slider__slide slide-4\">\n                                        <img class=\"acf-category-slider__slide__image\" src='https:\/\/www.dr-schmiedeberg.com\/wp-content\/uploads\/2025\/07\/Kategorie-Banner-Skin-Energizer.jpg' alt=''>\n                                                                <div class=\"acf-category-slider__slide__data\">\n                            <div class=\"acf-category-slider__slide__text\">\n                                <h3 id=\"Skin energizer\">Skin energizer<\/h3>\n                                <p class=\"has-text-align-center\">Die belebende Pflege f\u00fcr M\u00e4nnerhaut \u2013 mit energetisierendem Taurin, L-Carnosine und dem feuchtigkeitsbindenden Homarin-Komplex f\u00fcr ein sichtbar frischeres, gest\u00e4rktes Hautbild.<\/p>\n                            <\/div>\n                            <div class=\"acf-category-slider__slide__link\">\n                                <a tabindex=\"-1\" aria-label=\"Jetzt entdecken ProduktlinieSkin energizer\" aria-hidden=\"true\" class=\"button button--primary\" href=\"https:\/\/www.dr-schmiedeberg.com\/de\/produktlinien\/skin-energizer\/\" target=\"\">Skin Energizer<\/a>\n                            <\/div>\n                        <\/div>\n                                    <\/div>\n                                <div class=\"swiper-slide acf-category-slider__slide slide-5\">\n                                        <img class=\"acf-category-slider__slide__image\" src='https:\/\/www.dr-schmiedeberg.com\/wp-content\/uploads\/2025\/07\/Kategorie-Banner-Sun-Protector.jpg' alt=''>\n                                                                <div class=\"acf-category-slider__slide__data\">\n                            <div class=\"acf-category-slider__slide__text\">\n                                <h3 id=\"Sun protector\">Sun protector<\/h3>\n                                <p class=\"has-text-align-center\">Diese Sonnenschutz-Linie bietet umfassenden Lichtschutz gegen UVA- und UVB-Strahlen, Infrarotlicht und blaues Licht mit Anti-Aging-Power.<\/p>\n                            <\/div>\n                            <div class=\"acf-category-slider__slide__link\">\n                                <a tabindex=\"-1\" aria-label=\"Jetzt entdecken ProduktlinieSun protector\" aria-hidden=\"true\" class=\"button button--primary\" href=\"https:\/\/www.dr-schmiedeberg.com\/de\/produktlinien\/sun-protector\/\" target=\"\">Sun protector<\/a>\n                            <\/div>\n                        <\/div>\n                                    <\/div>\n                            <\/div>\n        <\/div>\n    <\/div>\n<\/div>","protected":false},"excerpt":{"rendered":"<p>Youth Booster Die Pflegelinie, die der Hautalterung vorbeugt und Sch\u00e4den repariert. Sie verlangsamt die Zellverzuckerung und gibt versteiften Kollagenfasern ihre Spannkraft zur\u00fcck. Weitere Produktlinien Unsere Pflegelinien im \u00dcberblick \u2013 f\u00fcr jeden Hauttyp das Richtige.<\/p>\n","protected":false},"author":1,"featured_media":0,"parent":141,"menu_order":9,"comment_status":"closed","ping_status":"closed","template":"","meta":{"_acf_changed":false,"footnotes":""},"class_list":["post-200","page","type-page","status-publish"],"acf":[],"_links":{"self":[{"href":"https:\/\/www.dr-schmiedeberg.com\/de\/wp-json\/wp\/v2\/pages\/200","targetHints":{"allow":["GET"]}}],"collection":[{"href":"https:\/\/www.dr-schmiedeberg.com\/de\/wp-json\/wp\/v2\/pages"}],"about":[{"href":"https:\/\/www.dr-schmiedeberg.com\/de\/wp-json\/wp\/v2\/types\/page"}],"author":[{"embeddable":true,"href":"https:\/\/www.dr-schmiedeberg.com\/de\/wp-json\/wp\/v2\/users\/1"}],"replies":[{"embeddable":true,"href":"https:\/\/www.dr-schmiedeberg.com\/de\/wp-json\/wp\/v2\/comments?post=200"}],"version-history":[{"count":9,"href":"https:\/\/www.dr-schmiedeberg.com\/de\/wp-json\/wp\/v2\/pages\/200\/revisions"}],"predecessor-version":[{"id":1316,"href":"https:\/\/www.dr-schmiedeberg.com\/de\/wp-json\/wp\/v2\/pages\/200\/revisions\/1316"}],"up":[{"embeddable":true,"href":"https:\/\/www.dr-schmiedeberg.com\/de\/wp-json\/wp\/v2\/pages\/141"}],"wp:attachment":[{"href":"https:\/\/www.dr-schmiedeberg.com\/de\/wp-json\/wp\/v2\/media?parent=200"}],"curies":[{"name":"wp","href":"https:\/\/api.w.org\/{rel}","templated":true}]}}