
{"id":25,"date":"2025-05-21T14:53:27","date_gmt":"2025-05-21T14:53:27","guid":{"rendered":"https:\/\/www.dr-schmiedeberg.com\/?page_id=25"},"modified":"2025-10-22T08:33:32","modified_gmt":"2025-10-22T08:33:32","slug":"beipackzettel","status":"publish","type":"page","link":"https:\/\/www.dr-schmiedeberg.com\/de\/beipackzettel\/","title":{"rendered":"Beipackzettel"},"content":{"rendered":"\n<div class=\"grid\">\n<div class=\"grid__row grid__row--wide\">\n<div class=\"grid__item-100pc\">\n<figure class=\"wp-block-image size-full show-tablet-up\"><img loading=\"lazy\" decoding=\"async\" width=\"4000\" height=\"1300\" src=\"https:\/\/www.dr-schmiedeberg.com\/wp-content\/uploads\/2025\/07\/Header_Beipackzettel_Desktop-1.jpg\" alt=\"\" class=\"wp-image-690\" title=\"\" srcset=\"https:\/\/www.dr-schmiedeberg.com\/wp-content\/uploads\/2025\/07\/Header_Beipackzettel_Desktop-1.jpg 4000w, https:\/\/www.dr-schmiedeberg.com\/wp-content\/uploads\/2025\/07\/Header_Beipackzettel_Desktop-1-300x98.jpg 300w, https:\/\/www.dr-schmiedeberg.com\/wp-content\/uploads\/2025\/07\/Header_Beipackzettel_Desktop-1-1024x333.jpg 1024w, https:\/\/www.dr-schmiedeberg.com\/wp-content\/uploads\/2025\/07\/Header_Beipackzettel_Desktop-1-768x250.jpg 768w, https:\/\/www.dr-schmiedeberg.com\/wp-content\/uploads\/2025\/07\/Header_Beipackzettel_Desktop-1-1536x499.jpg 1536w, https:\/\/www.dr-schmiedeberg.com\/wp-content\/uploads\/2025\/07\/Header_Beipackzettel_Desktop-1-2048x666.jpg 2048w\" sizes=\"auto, (max-width: 4000px) 100vw, 4000px\" \/><\/figure>\n\n\n\n<figure class=\"wp-block-image size-full hide-tablet-up\"><img loading=\"lazy\" decoding=\"async\" width=\"2000\" height=\"1300\" src=\"https:\/\/www.dr-schmiedeberg.com\/wp-content\/uploads\/2025\/07\/Header_Beipackzettel_Mobile-1.jpg\" alt=\"\" class=\"wp-image-692\" srcset=\"https:\/\/www.dr-schmiedeberg.com\/wp-content\/uploads\/2025\/07\/Header_Beipackzettel_Mobile-1.jpg 2000w, https:\/\/www.dr-schmiedeberg.com\/wp-content\/uploads\/2025\/07\/Header_Beipackzettel_Mobile-1-300x195.jpg 300w, https:\/\/www.dr-schmiedeberg.com\/wp-content\/uploads\/2025\/07\/Header_Beipackzettel_Mobile-1-1024x666.jpg 1024w, https:\/\/www.dr-schmiedeberg.com\/wp-content\/uploads\/2025\/07\/Header_Beipackzettel_Mobile-1-768x499.jpg 768w, https:\/\/www.dr-schmiedeberg.com\/wp-content\/uploads\/2025\/07\/Header_Beipackzettel_Mobile-1-1536x998.jpg 1536w\" sizes=\"auto, (max-width: 2000px) 100vw, 2000px\" \/><\/figure>\n<\/div>\n<\/div>\n<\/div>\n\n\n\n<div class=\"grid headline-with-text\">\n<div class=\"grid__row grid__row--6\">\n<div class=\"gb-element-48766b4b grid__item-100pc\">\n<h1 class=\"gb-text gb-text-d0b53a02\">Beipackzettel der Produkte von Dr.&nbsp;Susanne von Schmiedeberg<\/h1>\n<\/div>\n<\/div>\n<\/div>\n\n\n\n<div class=\"grid\">\n<div class=\"grid__row grid__row--6\">\n<div class=\"gb-element-0ff2ecfd grid__item-100pc leaflet leaflet--first\">\n<div class=\"leaflet__item leaflet__item--first\">\n<h2 class=\"gb-text gb-text-ee7930b0 leaflet__title\">Wusstest Du, dass Zucker Falten macht?<\/h2>\n\n\n\n<p class=\"leaflet__data\">Die Medizinerin und Anti-Aging Expertin Dr. Susanne von Schmiedeberg hat ihren Anti-Sugar- &amp; Anti-Aging-Ansatz auf eine Gesichtspflege- und K\u00f6rperpflegeserie \u00fcbertragen, die die verzuckerungsbedingte Hautalterung verlangsamen kann. Basis der Gesichtspflegeserie ist der Wunder-Wirkstoff L-Carnosine. L-Carnosine ist in der Lage, die Ansammlung von A.G.E.s (Advanced Glycation Endproducts) zu reduzieren und verlangsamt so nachweislich den Hautalterungsprozess. Dr. Susanne von Schmiedeberg: Ihre Pflegeserie f\u00fcr mehr Spannkraft, Elastizit\u00e4t und weniger Falten.<\/p>\n\n\n\n<p class=\"leaflet__data\">Dr. Susanne von Schmiedeberg: Ihre Pflegeserie f\u00fcr mehr Spannkraft, Elastizit\u00e4t und weniger Falten.<\/p>\n<\/div>\n\n\n\n<div class=\"leaflet__item\">\n<h2 class=\"gb-text gb-text-6a2cf090 leaflet__title\">Was ist die Verzuckerung der Haut?<\/h2>\n\n\n\n<p class=\"leaflet__data\">Glykation ist die \u201eVerzuckerung der Haut\u201c \u2013 genauer gesagt der Gewebefasern in der Haut. Befindet sich \u00fcberm\u00e4\u00dfig viel Zucker in unserem Blutkreislauf, kommt es zu einer biochemischen Reaktion zwischen Zucker und Proteinen und es entstehen sogenannte A.G.E.s (Advanced Glycation Endproducts). Die A.G.E.s heften sich an die Kollagen- und Elastinfasern, verkleben diese und lassen die Haut altern. Die Haut verliert an Ausstrahlung, Elastizit\u00e4t, Spannkraft und die Faltenbildung wird beschleunigt.<\/p>\n<\/div>\n\n\n\n<div class=\"leaflet__item\">\n<h2 class=\"gb-text gb-text-3d291e38 leaflet__title\">Die Revolution in der Anti-Age Pflege: L-Carnosine<\/h2>\n\n\n\n<p class=\"leaflet__data\">Der K\u00f6rper ist dem Glykationsprozess nicht schutzlos ausgeliefert und greift auf einen k\u00f6rpereigenen Wirkstoff zur\u00fcck, L-Carnosine. L-Carnosine besteht aus zwei Aminos\u00e4uren, Alanin und Histidin, und kommt nat\u00fcrlich in Gewebe, wie den Muskeln, dem Gehirn und eben auch in der Haut vor. Allerdings sinkt die Konzentration im K\u00f6rper mit fortschreitendem Alter.\u2028L-Carnosine ist ein echter Allesk\u00f6nner und einer der effektivsten Wirkstoffe im Anti-Aging Bereich:<\/p>\n\n\n\n<ul class=\"wp-block-list leaflet__data leaflet__data--list\">\n<li>Er sch\u00fctzt die k\u00f6rpereigenen Kollagen- und Elastinfasern vor der Verzuckerung, reduziert die A.G.E.s in der Haut und verlangsamt so den Hautalterungsprozess.<\/li>\n\n\n\n<li>Er sch\u00fctzt als Antioxidans die Zellmembran vor oxidativem Stress und dem Eintritt freier Radikale.<\/li>\n\n\n\n<li>Er verl\u00e4ngert die Lebensdauer der Zellen.<\/li>\n<\/ul>\n<\/div>\n<\/div>\n<\/div>\n<\/div>\n","protected":false},"excerpt":{"rendered":"<p>Beipackzettel der Produkte von Dr.&nbsp;Susanne von Schmiedeberg Wusstest Du, dass Zucker Falten macht? Die Medizinerin und Anti-Aging Expertin Dr. Susanne von Schmiedeberg hat ihren Anti-Sugar- &amp; Anti-Aging-Ansatz auf eine Gesichtspflege- und K\u00f6rperpflegeserie \u00fcbertragen, die die verzuckerungsbedingte Hautalterung verlangsamen kann. Basis der Gesichtspflegeserie ist der Wunder-Wirkstoff L-Carnosine. L-Carnosine ist in der Lage, die Ansammlung von A.G.E.s &#8230; <a title=\"Beipackzettel\" class=\"read-more\" href=\"https:\/\/www.dr-schmiedeberg.com\/de\/beipackzettel\/\" aria-label=\"Mehr Informationen \u00fcber Beipackzettel\">Weiterlesen<\/a><\/p>\n","protected":false},"author":1,"featured_media":0,"parent":0,"menu_order":23,"comment_status":"closed","ping_status":"closed","template":"BeipackzettelPage.php","meta":{"_acf_changed":false,"footnotes":""},"class_list":["post-25","page","type-page","status-publish"],"acf":[],"_links":{"self":[{"href":"https:\/\/www.dr-schmiedeberg.com\/de\/wp-json\/wp\/v2\/pages\/25","targetHints":{"allow":["GET"]}}],"collection":[{"href":"https:\/\/www.dr-schmiedeberg.com\/de\/wp-json\/wp\/v2\/pages"}],"about":[{"href":"https:\/\/www.dr-schmiedeberg.com\/de\/wp-json\/wp\/v2\/types\/page"}],"author":[{"embeddable":true,"href":"https:\/\/www.dr-schmiedeberg.com\/de\/wp-json\/wp\/v2\/users\/1"}],"replies":[{"embeddable":true,"href":"https:\/\/www.dr-schmiedeberg.com\/de\/wp-json\/wp\/v2\/comments?post=25"}],"version-history":[{"count":8,"href":"https:\/\/www.dr-schmiedeberg.com\/de\/wp-json\/wp\/v2\/pages\/25\/revisions"}],"predecessor-version":[{"id":1649,"href":"https:\/\/www.dr-schmiedeberg.com\/de\/wp-json\/wp\/v2\/pages\/25\/revisions\/1649"}],"wp:attachment":[{"href":"https:\/\/www.dr-schmiedeberg.com\/de\/wp-json\/wp\/v2\/media?parent=25"}],"curies":[{"name":"wp","href":"https:\/\/api.w.org\/{rel}","templated":true}]}}