
{"id":320,"date":"2025-07-03T13:25:44","date_gmt":"2025-07-03T13:25:44","guid":{"rendered":"https:\/\/www.dr-schmiedeberg.com\/impressum\/"},"modified":"2025-08-21T08:59:27","modified_gmt":"2025-08-21T08:59:27","slug":"impressum","status":"publish","type":"page","link":"https:\/\/www.dr-schmiedeberg.com\/en\/impressum\/","title":{"rendered":"Legal Notice"},"content":{"rendered":"\n<div class=\"grid headline-with-text\">\n<div class=\"grid__row grid__row--6\">\n<div class=\"gb-element-1735dd84 grid__item-100pc\">\n<h1 class=\"gb-text gb-text-978c5595\">Legal Notice<\/h1>\n<\/div>\n<\/div>\n<\/div>\n\n\n\n<div class=\"grid text\">\n<div class=\"grid__row grid__row--8\">\n<div class=\"gb-element-eddb90c8 grid__item-100pc\">\n<p class=\"has-text-align-left\">Ultimate Skin Aesthetics GmbH<br>Luise-Rainer-Stra\u00dfe 7-11<br>40235 D\u00fcsseldorf<\/p>\n\n\n\n<div style=\"height:24px\" aria-hidden=\"true\" class=\"wp-block-spacer\"><\/div>\n\n\n\n<p class=\"has-text-align-left\">Managing Directors: Lena Kr\u00f6mer, B\u00e9atrice Billot, Huyen Zielinski.<br>D\u00fcsseldorf Local Court: HRB 34586<br>Registered office of the company: D\u00fcsseldorf<\/p>\n\n\n\n<div style=\"height:24px\" aria-hidden=\"true\" class=\"wp-block-spacer\"><\/div>\n\n\n\n<p><strong><strong>You can reach us by e-mail at<\/strong>:<br><\/strong><a href=\"mailto:info@ultimateskinaesthetics.com\">info@ultimateskinaesthetics.com<\/a><\/p>\n\n\n\n<div style=\"height:24px\" aria-hidden=\"true\" class=\"wp-block-spacer\"><\/div>\n\n\n\n<p>You can reach us by telephone from the German\u00a0fixed network under the telephone number: 02331 \u2013\u00a0690 6464<\/p>\n<\/div>\n<\/div>\n<\/div>\n","protected":false},"excerpt":{"rendered":"<p>Legal Notice Ultimate Skin Aesthetics GmbHLuise-Rainer-Stra\u00dfe 7-1140235 D\u00fcsseldorf Managing Directors: Lena Kr\u00f6mer, B\u00e9atrice Billot, Huyen Zielinski.D\u00fcsseldorf Local Court: HRB 34586Registered office of the company: D\u00fcsseldorf You can reach us by e-mail at:info@ultimateskinaesthetics.com You can reach us by telephone from the German\u00a0fixed network under the telephone number: 02331 \u2013\u00a0690 6464<\/p>\n","protected":false},"author":1,"featured_media":0,"parent":0,"menu_order":1,"comment_status":"closed","ping_status":"closed","template":"","meta":{"_acf_changed":false,"footnotes":""},"class_list":["post-320","page","type-page","status-publish"],"acf":[],"_links":{"self":[{"href":"https:\/\/www.dr-schmiedeberg.com\/en\/wp-json\/wp\/v2\/pages\/320","targetHints":{"allow":["GET"]}}],"collection":[{"href":"https:\/\/www.dr-schmiedeberg.com\/en\/wp-json\/wp\/v2\/pages"}],"about":[{"href":"https:\/\/www.dr-schmiedeberg.com\/en\/wp-json\/wp\/v2\/types\/page"}],"author":[{"embeddable":true,"href":"https:\/\/www.dr-schmiedeberg.com\/en\/wp-json\/wp\/v2\/users\/1"}],"replies":[{"embeddable":true,"href":"https:\/\/www.dr-schmiedeberg.com\/en\/wp-json\/wp\/v2\/comments?post=320"}],"version-history":[{"count":2,"href":"https:\/\/www.dr-schmiedeberg.com\/en\/wp-json\/wp\/v2\/pages\/320\/revisions"}],"predecessor-version":[{"id":1457,"href":"https:\/\/www.dr-schmiedeberg.com\/en\/wp-json\/wp\/v2\/pages\/320\/revisions\/1457"}],"wp:attachment":[{"href":"https:\/\/www.dr-schmiedeberg.com\/en\/wp-json\/wp\/v2\/media?parent=320"}],"curies":[{"name":"wp","href":"https:\/\/api.w.org\/{rel}","templated":true}]}}